{"id":3,"date":"2024-05-04T17:17:44","date_gmt":"2024-05-04T17:17:44","guid":{"rendered":"https:\/\/scconsultoriaenegocios.com.br\/site\/?page_id=3"},"modified":"2024-05-14T19:42:45","modified_gmt":"2024-05-14T22:42:45","slug":"privacy-policy","status":"publish","type":"page","link":"https:\/\/scconsultoriaenegocios.com.br\/site\/privacy-policy\/","title":{"rendered":"Pol\u00edtica de Privaciade"},"content":{"rendered":"\n<div class=\"wp-block-columns alignwide are-vertically-aligned-center has-ti-fg-alt-color has-ti-accent-secondary-background-color has-text-color has-background has-link-color wp-elements-cd51c52959db60ac56300101731979ae is-layout-flex wp-container-core-columns-is-layout-d7d455e7 wp-block-columns-is-layout-flex\" style=\"padding-top:0;padding-right:0;padding-bottom:0;padding-left:0\">\n<div class=\"wp-block-column is-vertically-aligned-center is-layout-flow wp-block-column-is-layout-flow\" style=\"flex-basis:50%\">\n<div class=\"wp-block-cover aligncenter is-light\" style=\"padding-top:24px;padding-right:24px;padding-bottom:24px;padding-left:24px;min-height:421px;aspect-ratio:unset;\"><span aria-hidden=\"true\" class=\"wp-block-cover__background has-ti-accent-background-color has-background-dim-0 has-background-dim\"><\/span><img fetchpriority=\"high\" decoding=\"async\" width=\"576\" height=\"581\" class=\"wp-block-cover__image-background wp-image-90\" alt=\"\" src=\"https:\/\/scconsultoriaenegocios.com.br\/site\/wp-content\/uploads\/2024\/05\/sc_about.png\" data-object-fit=\"cover\" srcset=\"https:\/\/scconsultoriaenegocios.com.br\/site\/wp-content\/uploads\/2024\/05\/sc_about.png 576w, https:\/\/scconsultoriaenegocios.com.br\/site\/wp-content\/uploads\/2024\/05\/sc_about-297x300.png 297w, https:\/\/scconsultoriaenegocios.com.br\/site\/wp-content\/uploads\/2024\/05\/sc_about-150x150.png 150w\" sizes=\"(max-width: 576px) 100vw, 576px\" \/><div class=\"wp-block-cover__inner-container is-layout-flow wp-block-cover-is-layout-flow\">\n<p class=\"has-text-align-center has-ti-fg-alt-color has-text-color has-large-font-size\"><\/p>\n<\/div><\/div>\n<\/div>\n\n\n\n<div class=\"wp-block-column is-vertically-aligned-center is-layout-flow wp-block-column-is-layout-flow\" style=\"padding-top:64px;padding-right:24px;padding-bottom:64px;padding-left:24px;flex-basis:50%\">\n<div class=\"wp-block-group is-layout-constrained wp-block-group-is-layout-constrained\">\n<h2 class=\"wp-block-heading\">Pol\u00edtica de Privacidade<\/h2>\n<\/div>\n\n\n\n<div class=\"wp-block-buttons is-layout-flex wp-block-buttons-is-layout-flex\"><\/div>\n<\/div>\n<\/div>\n\n\n\n<p>POL\u00cdTICA DE PRIVACIDADE SC CONSULTORIA<br><br>1. Esta POL\u00cdTICA DE PRIVACIDADE explica o destino e o uso das informa\u00e7\u00f5es pessoais colhidas pela disponibilizado pela&nbsp;<strong>SC CONSULTORIA E NEGOCIOS LTDA.<\/strong>, pessoa jur\u00eddica de direito privado, inscrita no CNPJ no 30.486.257\/0001-66, (definidas em conjunto como \u201c<strong>SC CONSULTORIA<\/strong>\u201d) quando na atividade de agenciamento (vide artigo 710 e seguintes do C\u00f3digo Civil), para utiliza\u00e7\u00e3o dos sistemas da empresa, incluindo seus funcion\u00e1rios, colaboradores, parceiros comerciais, agentes, substabelecidos, etc, seguir\u00e1 as seguinte pol\u00edtica de privacidade, pertencente aos TITULARES DOS DADOS nos termos do artigo 5\u00ba, Inciso V, da Lei 13.709 de 2018; Todas os dados pessoais que trafegarem pela empresa ser\u00e3o sempre tratados da maneira abordada nesta&nbsp;<strong>POL\u00cdTICA<\/strong>.<br><br>Esta pol\u00edtica de privacidade e uso de dados (\u201c<strong>POL\u00cdTICA<\/strong>\u201d) abrange a utiliza\u00e7\u00e3o dos dados obtidos pela empresa em suas atividades do dia a dia, n\u00e3o se prestando a configurar qualquer v\u00ednculo jur\u00eddico se n\u00e3o aqueles que forem explicitamente abordados nesta&nbsp;<strong>POL\u00cdTICA<\/strong>.<br><br>2. As informa\u00e7\u00f5es solicitadas ao TITULAR sempre se restringir\u00e3o \u00e0s necess\u00e1rias \u00e0quelas inerentes ao ato neg\u00f3cio jur\u00eddico subjacente, visando sempre subsidiar as rela\u00e7\u00f5es e os interesses \/ direitos nela pretendidas \/ substanciadas.<br><br>3. Esta POL\u00cdTICA DE PRIVACIDADE \u00e9 exclusiva da&nbsp;<strong>SC CONSULTORIA<\/strong>, e n\u00e3o necessariamente reflete a POL\u00cdTICA DE PRIVACIDADE dos terceiros mencionados no decorrer desta pol\u00edtica, a&nbsp;<strong>SC CONSULTORIA<\/strong>&nbsp;n\u00e3o se responsabiliza pelas pol\u00edticas de privacidade adotadas por terceiros.<br><br>COLETA DE INFORMA\u00c7\u00d5ES PESSOAIS DOS FUNCION\u00c1RIOS, COLABORADORES E AGENTES ATUANTES NA INTERMEDIA\u00c7\u00c3O DE CONTRATOS EM FAVOR DE TERCEIROS PARA FINS DE SEGURAN\u00c7A<br><br>Todos os utilizadores dos sistemas da empresa ter\u00e3o seu acesso monitorado quando realizarem qualquer intera\u00e7\u00e3o com a&nbsp;<strong>SC CONSULTORIA<\/strong>, que poder\u00e1 registrar todos os dados que se fizerem necess\u00e1rios a garantir satisfatoriamente a seguran\u00e7a das opera\u00e7\u00f5es que subsidiarem, para fins de forma\u00e7\u00e3o de hist\u00f3rico para subsidiar eventual direito privilegiado pela legisla\u00e7\u00e3o, em especial a verifica\u00e7\u00e3o da lisura dos contratos intermediados e a consecu\u00e7\u00e3o de novos contratos.<br><br>Todas as informa\u00e7\u00f5es abaixo ser\u00e3o coletadas, processadas, armazenadas, tratadas e ficar\u00e3o dispon\u00edveis para consulta pela&nbsp;<strong>SC CONSULTORIA<\/strong>, sempre que pertinente, ou viabilizar um uso permitido, ou ainda, mediante requisi\u00e7\u00e3o do titular dos DADOS PESSOAIS para cumprimento de deveres oriundos da legisla\u00e7\u00e3o.<br><br><strong>1. Informa\u00e7\u00f5es de acesso:<\/strong>&nbsp;sobre o computador \/ aparelho, incluindo o endere\u00e7o IP, localiza\u00e7\u00e3o geogr\u00e1fica, tipo e vers\u00e3o do sistema operacional, com vistas \u00e0 cria\u00e7\u00e3o perfil de usu\u00e1rio destinado a subsidiar rotinas de seguran\u00e7a com informa\u00e7\u00f5es pret\u00e9ritas do usu\u00e1rio (\u201c<strong>PERFIL DE USU\u00c1RIO<\/strong>\u201d);<br><br><strong>2. Informa\u00e7\u00f5es sobre o uso:<\/strong>&nbsp;as informa\u00e7\u00f5es fornecidas dentro do \u00e2mbito do aplicativo ser\u00e3o armazenadas nas nossas bases de dados, com vistas a subsidiar futuras intermedia\u00e7\u00f5es pelo \u00e2mbito do aplicativo com vistas \u00e0 cria\u00e7\u00e3o e alimenta\u00e7\u00e3o de&nbsp;<strong>PERFIL DE USU\u00c1RIO<\/strong>&nbsp;dos servi\u00e7os&nbsp;<strong>SC CONSULTORIA<\/strong>.<br><br>USO DE INFORMA\u00c7\u00d5ES PESSOAIS<br><br>As INFORMA\u00c7\u00d5ES (inclu\u00eddos os dados pessoais) a que a&nbsp;<strong>SC CONSULTORIA<\/strong>, estiver em posse, ser\u00e3o utilizadas para os fins especificados nesta pol\u00edtica. Podemos utilizar essas informa\u00e7\u00f5es pessoais para as seguintes finalidades:<br><br>2. Utilizar os DADOS PESSOAIS, para melhorar a experi\u00eancia proporcionada na utiliza\u00e7\u00e3o dos servi\u00e7os \/ produtos oferecidos pela SC CONSULTORIA, atrav\u00e9s da cria\u00e7\u00e3o de relat\u00f3rios, estat\u00edsticas, m\u00e9tricas, levantamentos t\u00e9cnicos e de mercado, garantido sempre que poss\u00edvel a anonimiza\u00e7\u00e3o ou pseudominiza\u00e7\u00e3o dos dados dos&nbsp;<strong>TITULARES DOS DADOS<\/strong>;<br><br>3. Enviar comunica\u00e7\u00f5es de fatos \/ informa\u00e7\u00f5es relevantes para utiliza\u00e7\u00e3o dos servi\u00e7os intermediados \/ oferecidos pela SC CONSULTORIA, comunica\u00e7\u00f5es comerciais, comunica\u00e7\u00f5es de marketing e comunica\u00e7\u00f5es operacionais.<br><br>4. Processar internamente solicita\u00e7\u00f5es realizadas que possuam qualquer rela\u00e7\u00e3o com dados pessoais de posse da&nbsp;<strong>SC CONSULTORIA<\/strong>.<br><br>5. Utilizar as informa\u00e7\u00f5es do usu\u00e1rio ou do cliente para resolu\u00e7\u00e3o ou atua\u00e7\u00e3o em demandas que apurem os fatos a que os dados \/ informa\u00e7\u00f5es se refiram.<br><br>6. Lidar com perguntas \/ reclama\u00e7\u00f5es \/ sugest\u00f5es feitas em rela\u00e7\u00e3o \u00e0s nossas atividades.<br><br>7. Manter a seguran\u00e7a das opera\u00e7\u00f5es (comerciais \/ mercadol\u00f3gicas \/ internas) e evitar a realiza\u00e7\u00e3o de fraudes no \u00e2mbito das opera\u00e7\u00f5es intermediadas pela SC CONSULTORIA, utilizando-se quando necess\u00e1rio de servi\u00e7os de terceiros.<br><br>DAS VEDA\u00c7\u00d5ES E ROTINAS DE SEGURAN\u00c7A M\u00cdNIMAS ADOTADAS PELA SC CONSULTORIA<br><br>A&nbsp;<strong>SC CONSULTORIA<\/strong>&nbsp;adotar\u00e1 no m\u00ednimo as seguintes medidas de seguran\u00e7a para garantir a integridade dos dados e informa\u00e7\u00f5es que circularem pela SC CONSULTORIA ou se encontrarem em sua posse, sem preju\u00edzo de outras medidas que se fizerem necess\u00e1rias, ou forem concretizadas internamente, devendo ser implementadas por todos os funcion\u00e1rios e colaboradores da SC CONSULTORIA, sendo seu desrespeito considerado falta grave.<br><br>1. Ao&nbsp;<strong>COLABORADOR<\/strong>, \u00e9 vedado reproduzir ou compartilhar sem autoriza\u00e7\u00e3o da&nbsp;<strong>SC CONSULTORIA<\/strong>, qualquer conte\u00fado em posse da&nbsp;<strong>SC CONSULTORIA<\/strong>, seja por que, relativo \u00e0 dados pessoais nos termos do Art. 5\u00ba, I da Lei 13.709\/18, seja porque, constitui informa\u00e7\u00e3o ou elemento de informa\u00e7\u00e3o (dados), inerente \u00e0 explora\u00e7\u00e3o da atividade mercantil desenvolvida pela&nbsp;<strong>SC CONSULTORIA<\/strong>&nbsp;ou decorrente de sua administra\u00e7\u00e3o, constituindo por qualquer meio seja por qualquer meio reprogr\u00e1fico ou fac s\u00edmile, aplicativos multiplataforma para troca de mensagens de texto \/ voz \/ v\u00eddeo, tais como WHATSAPP, TELEGRAM, ou semelhante;<br><br>2. O&nbsp;<strong>FUNCION\u00c1RIO \/ COLABORADOR<\/strong>&nbsp;receber\u00e1 n\u00edvel de acesso nos sistemas \/ depend\u00eancias, compat\u00edvel com a fun\u00e7\u00e3o desempenhada perante a&nbsp;<strong>SC CONSULTORIA<\/strong>, sendo certo que toda sua atividade desempenhada dentro do ambiente f\u00edsico ou l\u00f3gico ser\u00e1 devidamente registrada para fins de securitiza\u00e7\u00e3o das informa\u00e7\u00f5es e procedimentos.<br><br>3. Os dados a que o colaborador tomar contato em virtude do desempenho de servi\u00e7os em favor da&nbsp;<strong>SC CONSULTORIA<\/strong>&nbsp;ser\u00e3o sempre confidenciais, independente de estarem tarjados como tal, sendo sempre inerente \u00e0 sua manipula\u00e7\u00e3o ou tratamento, seguran\u00e7a m\u00e1xima;<br><br>DIVULGA\u00c7\u00c3O E PROCESSAMENTO DE INFORMA\u00c7\u00d5ES PESSOAIS<br><br>Podemos processar e divulgar quaisquer informa\u00e7\u00f5es pessoais que estiverem sob a posse da SC CONSULTORIA, a qualquer um de nossos funcion\u00e1rios, colaboradores, executivos, seguradoras, consultores profissionais, agentes ou subcontratados, conforme razoavelmente necess\u00e1rio aos fins e objetivos estabelecidos nesta pol\u00edtica, ou no cumprimento de obriga\u00e7\u00f5es e normas provenientes da legisla\u00e7\u00e3o ou de autoridades nacionais, mormente quando:<br><br>1. Na medida que a&nbsp;<strong>SC CONSULTORIA<\/strong>&nbsp;seja obrigada a faz\u00ea-lo por lei;<br><br>2. Em rela\u00e7\u00e3o a qualquer processo judicial ou administrativo em andamento ou potencial;<br><br>3. Para estabelecer, exercer ou defender direitos nossos ou de terceiros.<br><br>4. Para colaborar com autoridades em investiga\u00e7\u00f5es mantidas pelas autoridades administrativas ou judiciais competentes;<br><br>5. Em caso de cumprimento de ordem emanada por autoridade competente.<br><br>6. Nos casos previstos na Lei n\u00ba 13.709\/2018.<br><br>TRANSFER\u00caNCIAS INTERNACIONAIS DE DADOS<br><br>1. A&nbsp;<strong>SC CONSULTORIA<\/strong>&nbsp;esclarece que n\u00e3o envia ou processa qualquer informa\u00e7\u00e3o fora do territ\u00f3rio nacional.<br><br>RETEN\u00c7\u00c3O DE INFORMA\u00c7\u00d5ES PESSOAIS<br><br>Esta se\u00e7\u00e3o define as nossas pol\u00edticas e procedimentos para reten\u00e7\u00e3o de dados, projetados para ajudar a garantir o cumprimento de nossas obriga\u00e7\u00f5es legais \u00e0 reten\u00e7\u00e3o e exclus\u00e3o de informa\u00e7\u00f5es pessoais.<br><br>1. As informa\u00e7\u00f5es e DADOS PESSOAIS processados para qualquer dos prop\u00f3sitos mencionados nesta POL\u00cdTICA DE PRIVACIDADE n\u00e3o ser\u00e3o mantidos por mais tempo do que o necess\u00e1rio para a consuma\u00e7\u00e3o dos prop\u00f3sitos a que se destinarem, salvo quando devidamente anonimizados nos termos do artigo 12 e 16, Inciso IV, da Lei 13.709 de 2018, ou nos casos abaixo;<br><br>2. Os dados e documentos eletr\u00f4nicos que contenham DADOS PESSOAIS somente ser\u00e3o retidos por mais tempo do que necess\u00e1rio para a consuma\u00e7\u00e3o dos prop\u00f3sitos a que se destinam em caso de:<br><br>a. Obriga\u00e7\u00e3o legal ou regulat\u00f3ria;<br><br>b. Exerc\u00edcio regular de direito para processos administrativos ou judiciais, inclusive para pleno exerc\u00edcio do direito de defesa em procedimento contencioso ou arbitral;<br><br>c. Para redu\u00e7\u00e3o do risco de fraude.<br><br>SEGURAN\u00c7A DE INFORMA\u00c7\u00d5ES E DADOS PESSOAIS<br><br>1. As DESENVOLVEDORAS tomar\u00e3o sempre as precau\u00e7\u00f5es necess\u00e1rias para evitar a perda ou o uso das informa\u00e7\u00f5es \/ dados fora do \u00e2mbito desta&nbsp;<strong>POL\u00cdTICA DE PRIVACIDADE<\/strong>&nbsp;e fora da legisla\u00e7\u00e3o;<br><br>2. Todas as informa\u00e7\u00f5es \/ dados, inseridas no \u00e2mbito digital, ou transpostas e \/ ou convertidas do meio f\u00edsico para o digital, ser\u00e3o criptografadas pela&nbsp;<strong>SC CONSULTORIA<\/strong>.<br><br>3. As informa\u00e7\u00f5es que n\u00e3o forem criptografadas, por quaisquer motivos, contar\u00e3o com medidas de controle de acesso e cong\u00eaneres, sempre compat\u00edveis com a natureza da informa\u00e7\u00e3o.<br><br>ALTERA\u00c7\u00d5ES NA POL\u00cdTICA DE PRIVACIDADE<br><br>A&nbsp;<strong>SC CONSULTORIA<\/strong>&nbsp;poder\u00e1 atualizar esta POL\u00cdTICA DE PRIVACIDADE, conforme a sua necessidade, acr\u00e9scimo de funcionalidades, mudan\u00e7as legislativas ou regulamentares, dentre outras situa\u00e7\u00f5es que fomentem aludidas mudan\u00e7as, publicando as altera\u00e7\u00f5es \/ vers\u00e3o alterada, no mesmo local de publica\u00e7\u00e3o desta POL\u00cdTICA DE PRIVACIDADE, notificando as altera\u00e7\u00f5es desta pol\u00edtica ao TITULAR DE DADOS, via e-mail cadastrado nos bancos de dados, ou no momento do fornecimento de novos dados na plataforma, ou qualquer outro meio que leve ao TITULAR DE DADOS ao conhecimento das altera\u00e7\u00f5es promovidas na pol\u00edtica.<br><br>DIREITOS DO USU\u00c1RIO<br><br>Os TITULARES dos dados pessoais, poder\u00e3o exercer, mediante requisi\u00e7\u00e3o ou acesso direto, sempre acompanhada de prova de identidade, todos aqueles direitos previstos no artigo 18 da lei no 13.709 de 2018, ciente de que a&nbsp;<strong>SC CONSULTORIA<\/strong>, poder\u00e1 abster-se de dar cumprimento aos direitos do titular, na extens\u00e3o permitida pela normativa p\u00e1tria.<br><br>CONSIDERANDOS<br><br>A presente Pol\u00edtica de Privacidade pode ser alterada a qualquer momento e com efeito imediato. Sendo assim, solicitamos que a revise com frequ\u00eancia para esclarecimentos e informa\u00e7\u00f5es atualizadas.<\/p>\n","protected":false},"excerpt":{"rendered":"<p>Pol\u00edtica de Privacidade POL\u00cdTICA DE PRIVACIDADE SC CONSULTORIA 1. Esta POL\u00cdTICA DE PRIVACIDADE explica o destino e o uso das informa\u00e7\u00f5es pessoais colhidas pela disponibilizado pela&nbsp;SC CONSULTORIA E NEGOCIOS LTDA., pessoa jur\u00eddica de direito privado, inscrita no CNPJ no 30.486.257\/0001-66, (definidas em conjunto como \u201cSC CONSULTORIA\u201d) quando na atividade de agenciamento (vide artigo 710 e [&hellip;]<\/p>\n","protected":false},"author":1,"featured_media":0,"parent":0,"menu_order":0,"comment_status":"closed","ping_status":"open","template":"lps","meta":{"_themeisle_gutenberg_block_has_review":false,"footnotes":""},"class_list":["post-3","page","type-page","status-publish","hentry"],"_links":{"self":[{"href":"https:\/\/scconsultoriaenegocios.com.br\/site\/wp-json\/wp\/v2\/pages\/3","targetHints":{"allow":["GET"]}}],"collection":[{"href":"https:\/\/scconsultoriaenegocios.com.br\/site\/wp-json\/wp\/v2\/pages"}],"about":[{"href":"https:\/\/scconsultoriaenegocios.com.br\/site\/wp-json\/wp\/v2\/types\/page"}],"author":[{"embeddable":true,"href":"https:\/\/scconsultoriaenegocios.com.br\/site\/wp-json\/wp\/v2\/users\/1"}],"replies":[{"embeddable":true,"href":"https:\/\/scconsultoriaenegocios.com.br\/site\/wp-json\/wp\/v2\/comments?post=3"}],"version-history":[{"count":4,"href":"https:\/\/scconsultoriaenegocios.com.br\/site\/wp-json\/wp\/v2\/pages\/3\/revisions"}],"predecessor-version":[{"id":341,"href":"https:\/\/scconsultoriaenegocios.com.br\/site\/wp-json\/wp\/v2\/pages\/3\/revisions\/341"}],"wp:attachment":[{"href":"https:\/\/scconsultoriaenegocios.com.br\/site\/wp-json\/wp\/v2\/media?parent=3"}],"curies":[{"name":"wp","href":"https:\/\/api.w.org\/{rel}","templated":true}]}}