{"id":327,"date":"2024-05-14T19:22:20","date_gmt":"2024-05-14T22:22:20","guid":{"rendered":"https:\/\/scconsultoriaenegocios.com.br\/site\/?page_id=327"},"modified":"2024-05-14T19:44:12","modified_gmt":"2024-05-14T22:44:12","slug":"quem-somos","status":"publish","type":"page","link":"https:\/\/scconsultoriaenegocios.com.br\/site\/quem-somos\/","title":{"rendered":"Quem somos"},"content":{"rendered":"\n<div class=\"wp-block-columns alignwide are-vertically-aligned-center has-ti-fg-alt-color has-ti-accent-secondary-background-color has-text-color has-background has-link-color wp-elements-ce085d03a9c32d672079f8d6094ebfc5 is-layout-flex wp-container-core-columns-is-layout-d7d455e7 wp-block-columns-is-layout-flex\" style=\"padding-top:0;padding-right:0;padding-bottom:0;padding-left:0\">\n<div class=\"wp-block-column is-vertically-aligned-center is-layout-flow wp-block-column-is-layout-flow\" style=\"flex-basis:50%\">\n<div class=\"wp-block-cover aligncenter is-light\" style=\"padding-top:24px;padding-right:24px;padding-bottom:24px;padding-left:24px;min-height:421px;aspect-ratio:unset;\"><span aria-hidden=\"true\" class=\"wp-block-cover__background has-ti-accent-background-color has-background-dim-0 has-background-dim\"><\/span><img fetchpriority=\"high\" decoding=\"async\" width=\"576\" height=\"581\" class=\"wp-block-cover__image-background wp-image-90\" alt=\"\" src=\"https:\/\/scconsultoriaenegocios.com.br\/site\/wp-content\/uploads\/2024\/05\/sc_about.png\" data-object-fit=\"cover\" srcset=\"https:\/\/scconsultoriaenegocios.com.br\/site\/wp-content\/uploads\/2024\/05\/sc_about.png 576w, https:\/\/scconsultoriaenegocios.com.br\/site\/wp-content\/uploads\/2024\/05\/sc_about-297x300.png 297w, https:\/\/scconsultoriaenegocios.com.br\/site\/wp-content\/uploads\/2024\/05\/sc_about-150x150.png 150w\" sizes=\"(max-width: 576px) 100vw, 576px\" \/><div class=\"wp-block-cover__inner-container is-layout-flow wp-block-cover-is-layout-flow\">\n<p class=\"has-text-align-center has-ti-fg-alt-color has-text-color has-large-font-size\"><\/p>\n<\/div><\/div>\n<\/div>\n\n\n\n<div class=\"wp-block-column is-vertically-aligned-center is-layout-flow wp-block-column-is-layout-flow\" style=\"padding-top:64px;padding-right:24px;padding-bottom:64px;padding-left:24px;flex-basis:50%\">\n<div class=\"wp-block-group is-layout-constrained wp-block-group-is-layout-constrained\">\n<h2 class=\"wp-block-heading\">Quem Somos<\/h2>\n<\/div>\n<\/div>\n<\/div>\n\n\n\n<p>A hist\u00f3ria da transforma\u00e7\u00e3o da SuperCred Consultoria e Neg\u00f3cios Ltda. para SC Consultoria e Neg\u00f3cios Ltda. \u00e9 marcada por um per\u00edodo de reflex\u00e3o e crescimento. Fundada com a miss\u00e3o de contribuir com clientes e colaboradores na realiza\u00e7\u00e3o de seus sonhos, a SuperCred foi construindo sua reputa\u00e7\u00e3o baseada em valores como respeito, credibilidade, seguran\u00e7a e efici\u00eancia.<\/p>\n\n\n\n<p>Com o passar do tempo, a empresa percebeu a necessidade de uma mudan\u00e7a, n\u00e3o apenas no nome, mas tamb\u00e9m na forma como se posicionava no mercado. A busca pela excel\u00eancia no atendimento e na entrega de resultados continuava sendo prioridade, mas havia o desejo de moderniza\u00e7\u00e3o e adapta\u00e7\u00e3o \u00e0s demandas do mercado atual.<\/p>\n\n\n\n<p>Assim, ap\u00f3s uma an\u00e1lise cuidadosa e consultas com clientes, colaboradores e especialistas, a SuperCred decidiu passar por uma reformula\u00e7\u00e3o. O nome foi simplificado para SC Consultoria e Neg\u00f3cios Ltda., refletindo uma abordagem mais direta e moderna.<\/p>\n\n\n\n<p>Essa mudan\u00e7a n\u00e3o significou apenas uma altera\u00e7\u00e3o de nome, mas sim uma renova\u00e7\u00e3o de compromisso com os valores essenciais da empresa. A SC Consultoria continuou a oferecer o mesmo atendimento de qualidade, comprometimento e \u00e9tica, mas agora com uma imagem mais atualizada e alinhada com as expectativas do mercado e dos clientes.<\/p>\n\n\n\n<p>A transi\u00e7\u00e3o para SC Consultoria e Neg\u00f3cios Ltda. marcou um novo cap\u00edtulo na hist\u00f3ria da empresa, impulsionando-a para um futuro de crescimento e sucesso cont\u00ednuo.<\/p>\n","protected":false},"excerpt":{"rendered":"<p>Quem Somos A hist\u00f3ria da transforma\u00e7\u00e3o da SuperCred Consultoria e Neg\u00f3cios Ltda. para SC Consultoria e Neg\u00f3cios Ltda. \u00e9 marcada por um per\u00edodo de reflex\u00e3o e crescimento. Fundada com a miss\u00e3o de contribuir com clientes e colaboradores na realiza\u00e7\u00e3o de seus sonhos, a SuperCred foi construindo sua reputa\u00e7\u00e3o baseada em valores como respeito, credibilidade, seguran\u00e7a [&hellip;]<\/p>\n","protected":false},"author":1,"featured_media":0,"parent":0,"menu_order":0,"comment_status":"closed","ping_status":"closed","template":"lps","meta":{"_themeisle_gutenberg_block_has_review":false,"footnotes":""},"class_list":["post-327","page","type-page","status-publish","hentry"],"_links":{"self":[{"href":"https:\/\/scconsultoriaenegocios.com.br\/site\/wp-json\/wp\/v2\/pages\/327","targetHints":{"allow":["GET"]}}],"collection":[{"href":"https:\/\/scconsultoriaenegocios.com.br\/site\/wp-json\/wp\/v2\/pages"}],"about":[{"href":"https:\/\/scconsultoriaenegocios.com.br\/site\/wp-json\/wp\/v2\/types\/page"}],"author":[{"embeddable":true,"href":"https:\/\/scconsultoriaenegocios.com.br\/site\/wp-json\/wp\/v2\/users\/1"}],"replies":[{"embeddable":true,"href":"https:\/\/scconsultoriaenegocios.com.br\/site\/wp-json\/wp\/v2\/comments?post=327"}],"version-history":[{"count":3,"href":"https:\/\/scconsultoriaenegocios.com.br\/site\/wp-json\/wp\/v2\/pages\/327\/revisions"}],"predecessor-version":[{"id":342,"href":"https:\/\/scconsultoriaenegocios.com.br\/site\/wp-json\/wp\/v2\/pages\/327\/revisions\/342"}],"wp:attachment":[{"href":"https:\/\/scconsultoriaenegocios.com.br\/site\/wp-json\/wp\/v2\/media?parent=327"}],"curies":[{"name":"wp","href":"https:\/\/api.w.org\/{rel}","templated":true}]}}