{"id":348,"date":"2024-05-14T20:07:19","date_gmt":"2024-05-14T23:07:19","guid":{"rendered":"https:\/\/scconsultoriaenegocios.com.br\/site\/?page_id=348"},"modified":"2024-05-14T20:07:59","modified_gmt":"2024-05-14T23:07:59","slug":"seja-um-franqueado","status":"publish","type":"page","link":"https:\/\/scconsultoriaenegocios.com.br\/site\/seja-um-franqueado\/","title":{"rendered":"Seja um Franqueado"},"content":{"rendered":"\n<div class=\"wp-block-columns alignwide are-vertically-aligned-center has-ti-fg-alt-color has-ti-accent-secondary-background-color has-text-color has-background has-link-color wp-elements-54418ede9dbcec1485d5ae36a30bda56 is-layout-flex wp-container-core-columns-is-layout-d7d455e7 wp-block-columns-is-layout-flex\" style=\"padding-top:0;padding-right:0;padding-bottom:0;padding-left:0\">\n<div class=\"wp-block-column is-vertically-aligned-center is-layout-flow wp-block-column-is-layout-flow\" style=\"flex-basis:50%\">\n<div class=\"wp-block-cover aligncenter is-light\" style=\"padding-top:24px;padding-right:24px;padding-bottom:24px;padding-left:24px;min-height:421px;aspect-ratio:unset;\"><span aria-hidden=\"true\" class=\"wp-block-cover__background has-ti-accent-background-color has-background-dim-0 has-background-dim\"><\/span><img fetchpriority=\"high\" decoding=\"async\" width=\"576\" height=\"581\" class=\"wp-block-cover__image-background wp-image-90\" alt=\"\" src=\"https:\/\/scconsultoriaenegocios.com.br\/site\/wp-content\/uploads\/2024\/05\/sc_about.png\" data-object-fit=\"cover\" srcset=\"https:\/\/scconsultoriaenegocios.com.br\/site\/wp-content\/uploads\/2024\/05\/sc_about.png 576w, https:\/\/scconsultoriaenegocios.com.br\/site\/wp-content\/uploads\/2024\/05\/sc_about-297x300.png 297w, https:\/\/scconsultoriaenegocios.com.br\/site\/wp-content\/uploads\/2024\/05\/sc_about-150x150.png 150w\" sizes=\"(max-width: 576px) 100vw, 576px\" \/><div class=\"wp-block-cover__inner-container is-layout-flow wp-block-cover-is-layout-flow\">\n<p class=\"has-text-align-center has-ti-fg-alt-color has-text-color has-large-font-size\"><\/p>\n<\/div><\/div>\n<\/div>\n\n\n\n<div class=\"wp-block-column is-vertically-aligned-center is-layout-flow wp-block-column-is-layout-flow\" style=\"padding-top:64px;padding-right:24px;padding-bottom:64px;padding-left:24px;flex-basis:50%\">\n<p class=\"has-small-font-size\" style=\"text-transform:uppercase\"><\/p>\n\n\n\n<div class=\"wp-block-group is-layout-constrained wp-block-group-is-layout-constrained\">\n<h2 class=\"wp-block-heading\">Seja um Franqueado<\/h2>\n\n\n\n<p>Tornar-se um franqueado da SC oferece a oportunidade de fazer parte de uma empresa reconhecida por sua excel\u00eancia em consultoria financeira. Com suporte especializado e uma marca consolidada, os franqueados t\u00eam a chance de empreender em um setor promissor com respaldo de uma empresa l\u00edder no mercado.<\/p>\n<\/div>\n\n\n\n<div class=\"wp-block-buttons is-layout-flex wp-block-buttons-is-layout-flex\"><\/div>\n<\/div>\n<\/div>\n\n\n\n<div class=\"wp-block-group alignwide is-layout-constrained wp-container-core-group-is-layout-105570a8 wp-block-group-is-layout-constrained\">\n<div id=\"wp-block-themeisle-blocks-form-f28ba5ca\" class=\"wp-block-themeisle-blocks-form\" data-option-name=\"ec2937304a77826220e70ce59a2fe7a2a90d5931_f28ba5ca\"><form class=\"otter-form__container\">\n<div id=\"wp-block-themeisle-blocks-form-input-c4ebdff0\" class=\"wp-block-themeisle-blocks-form-input\"><label for=\"wp-block-themeisle-blocks-form-input-c4ebdff0-input\" class=\"otter-form-input-label\"><span class=\"otter-form-input-label__label\">Nome Completo<\/span><span class=\"required\">*<\/span><\/label><input type=\"text\" id=\"wp-block-themeisle-blocks-form-input-c4ebdff0-input\" required class=\"otter-form-input\"\/><\/div>\n\n\n\n<div id=\"wp-block-themeisle-blocks-form-input-5e852b34\" class=\"wp-block-themeisle-blocks-form-input\"><label for=\"wp-block-themeisle-blocks-form-input-5e852b34-input\" class=\"otter-form-input-label\"><span class=\"otter-form-input-label__label\">Email<\/span><span class=\"required\">*<\/span><\/label><input type=\"email\" id=\"wp-block-themeisle-blocks-form-input-5e852b34-input\" required class=\"otter-form-input\"\/><\/div>\n\n\n\n<div id=\"wp-block-themeisle-blocks-form-input-cb13869d\" class=\"wp-block-themeisle-blocks-form-input\"><label for=\"wp-block-themeisle-blocks-form-input-cb13869d-input\" class=\"otter-form-input-label\"><span class=\"otter-form-input-label__label\">Telefone\u00a0<\/span><span class=\"required\">*<\/span><\/label><input type=\"email\" id=\"wp-block-themeisle-blocks-form-input-cb13869d-input\" required class=\"otter-form-input\"\/><\/div>\n\n\n\n<div id=\"wp-block-themeisle-blocks-form-input-59beb752\" class=\"wp-block-themeisle-blocks-form-input\"><label for=\"wp-block-themeisle-blocks-form-input-59beb752-input\" class=\"otter-form-input-label\"><span class=\"otter-form-input-label__label\">Cidade\u00a0<\/span><span class=\"required\">*<\/span><\/label><input type=\"email\" id=\"wp-block-themeisle-blocks-form-input-59beb752-input\" required class=\"otter-form-input\"\/><\/div>\n\n\n<div class=\"protection\" aria-hidden=\"true\"><input type=\"hidden\" id=\"wp-block-themeisle-blocks-form-f28ba5ca_nonce_field\" name=\"wp-block-themeisle-blocks-form-f28ba5ca_nonce_field\" value=\"5a23a4666e\" \/><input type=\"hidden\" name=\"_wp_http_referer\" value=\"\/site\/wp-json\/wp\/v2\/pages\/348\" \/><input class=\"o-anti-bot\" type=\"checkbox\"><\/div>\n\n\n<div id=\"wp-block-themeisle-blocks-form-textarea-87e232b4\" class=\"wp-block-themeisle-blocks-form-textarea\"><label for=\"wp-block-themeisle-blocks-form-textarea-87e232b4-input\" class=\"otter-form-textarea-label\"><span class=\"otter-form-textarea-label__label\">Mensagem\u00a0<\/span><\/label><textarea id=\"wp-block-themeisle-blocks-form-textarea-87e232b4-input\" rows=\"10\" class=\"otter-form-textarea-input\"><\/textarea><\/div>\n\n\n\n<p class=\"has-extra-small-font-size\">Voc\u00ea concorda em receber comunica\u00e7\u00f5es por e-mail de nossa parte ao enviar este formul\u00e1rio e compreende que suas informa\u00e7\u00f5es de contato ser\u00e3o armazenadas conosco.<\/p>\n<div class=\"wp-block-button\"><button class=\"wp-block-button__link\" type=\"submit\">Submit<\/button><\/div><\/form><\/div>\n<\/div>\n","protected":false},"excerpt":{"rendered":"<p>Seja um Franqueado Tornar-se um franqueado da SC oferece a oportunidade de fazer parte de uma empresa reconhecida por sua excel\u00eancia em consultoria financeira. Com suporte especializado e uma marca consolidada, os franqueados t\u00eam a chance de empreender em um setor promissor com respaldo de uma empresa l\u00edder no mercado.<\/p>\n","protected":false},"author":1,"featured_media":0,"parent":0,"menu_order":0,"comment_status":"closed","ping_status":"closed","template":"lps","meta":{"_themeisle_gutenberg_block_has_review":false,"footnotes":""},"class_list":["post-348","page","type-page","status-publish","hentry"],"_links":{"self":[{"href":"https:\/\/scconsultoriaenegocios.com.br\/site\/wp-json\/wp\/v2\/pages\/348","targetHints":{"allow":["GET"]}}],"collection":[{"href":"https:\/\/scconsultoriaenegocios.com.br\/site\/wp-json\/wp\/v2\/pages"}],"about":[{"href":"https:\/\/scconsultoriaenegocios.com.br\/site\/wp-json\/wp\/v2\/types\/page"}],"author":[{"embeddable":true,"href":"https:\/\/scconsultoriaenegocios.com.br\/site\/wp-json\/wp\/v2\/users\/1"}],"replies":[{"embeddable":true,"href":"https:\/\/scconsultoriaenegocios.com.br\/site\/wp-json\/wp\/v2\/comments?post=348"}],"version-history":[{"count":3,"href":"https:\/\/scconsultoriaenegocios.com.br\/site\/wp-json\/wp\/v2\/pages\/348\/revisions"}],"predecessor-version":[{"id":351,"href":"https:\/\/scconsultoriaenegocios.com.br\/site\/wp-json\/wp\/v2\/pages\/348\/revisions\/351"}],"wp:attachment":[{"href":"https:\/\/scconsultoriaenegocios.com.br\/site\/wp-json\/wp\/v2\/media?parent=348"}],"curies":[{"name":"wp","href":"https:\/\/api.w.org\/{rel}","templated":true}]}}